{"id":141,"date":"2021-10-05T09:03:28","date_gmt":"2021-10-05T08:03:28","guid":{"rendered":"https:\/\/economiaaplicada.usal.es\/?page_id=141"},"modified":"2026-03-30T12:04:01","modified_gmt":"2026-03-30T11:04:01","slug":"profesorado","status":"publish","type":"page","link":"https:\/\/economiaaplicada.usal.es\/en\/profesorado\/","title":{"rendered":"Faculty"},"content":{"rendered":"<table style=\"width: 164.308%\" border=\"0\" cellspacing=\"0\" cellpadding=\"0\">\n<tbody>\n<tr style=\"height: 26px\">\n<td style=\"text-align: center;width: 95.3101%;height: 26px\" width=\"36%\"><b>NOMBRE<\/b><\/td>\n<td style=\"text-align: center;width: 1.72414%;height: 26px\" width=\"15%\"><b>CAT.<\/b><\/td>\n<td style=\"text-align: center;width: 16.0648%;height: 26px\" width=\"15%\"><b>DESPACHO<\/b><\/td>\n<td style=\"text-align: center;width: 10.835%;height: 26px\" width=\"13%\"><b>EXT. <\/b><\/td>\n<td style=\"text-align: center;width: 138.719%;height: 26px\" width=\"19%\"><b>E-MAIL<\/b><\/td>\n<\/tr>\n<tr style=\"height: 65px\">\n<td style=\"width: 95.3101%;height: 65px\">\n<table border=\"0\" width=\"95%\" cellspacing=\"0\" cellpadding=\"0\">\n<tbody>\n<tr>\n<td width=\"36%\"><a href=\"http:\/\/web.usal.es\/~bustillo\">Dr. D. Rafael Mu\u00f1oz de Bustillo Llorente<\/a><\/td>\n<\/tr>\n<\/tbody>\n<\/table>\n<\/td>\n<td style=\"text-align: center;width: 1.72414%;height: 65px\">CU<\/td>\n<td style=\"text-align: center;width: 16.0648%;height: 65px\">137<\/td>\n<td style=\"text-align: center;width: 10.835%;height: 65px\">3125<\/td>\n<td style=\"width: 138.719%;height: 65px\"><a href=\"mailto:bustillo@usal.es\">bustillo@usal.es<\/a><\/td>\n<\/tr>\n<tr style=\"height: 26px\">\n<td style=\"width: 95.3101%;height: 26px\" width=\"36%\">Dr. D. Jos\u00e9 Ignacio Ant\u00f3n P\u00e9rez<\/td>\n<td style=\"text-align: center;width: 1.72414%;height: 26px\" width=\"15%\">TU<\/td>\n<td style=\"text-align: center;width: 16.0648%;height: 26px\" width=\"15%\">128<\/td>\n<td style=\"text-align: center;width: 10.835%;height: 26px\" width=\"13%\">1626<\/td>\n<td style=\"width: 138.719%;height: 26px\" width=\"19%\"><a href=\"mailto:janton@usal.es\">janton@usal.es<\/a><\/td>\n<\/tr>\n<tr style=\"height: 26px\">\n<td style=\"width: 95.3101%;height: 26px\" width=\"36%\"><a href=\"http:\/\/web.usal.es\/~rbonete\">Dr. D. Rafael Bonete Perales<\/a><\/td>\n<td style=\"text-align: center;width: 1.72414%;height: 26px\" width=\"15%\">TU<\/td>\n<td style=\"text-align: center;width: 16.0648%;height: 26px\" width=\"15%\">136<\/td>\n<td style=\"text-align: center;width: 10.835%;height: 26px\" width=\"13%\">3123<\/td>\n<td style=\"width: 138.719%;height: 26px\" width=\"19%\"><span style=\"text-decoration: underline\"><a href=\"mailto:rbonete@usal.es\">rbonete@usal.es<\/a><\/span><\/td>\n<\/tr>\n<tr style=\"height: 26px\">\n<td style=\"width: 95.3101%;height: 26px\" width=\"36%\">Dr. D. Miguel Carrera Troyano<\/td>\n<td style=\"text-align: center;width: 1.72414%;height: 26px\" width=\"15%\">TU<\/td>\n<td style=\"text-align: center;width: 16.0648%;height: 26px\" width=\"15%\">138<\/td>\n<td style=\"text-align: center;width: 10.835%;height: 26px\" width=\"13%\">1691<\/td>\n<td style=\"width: 138.719%;height: 26px\" width=\"19%\"><span style=\"text-decoration: underline\"><a href=\"mailto:mcarrera@usal.es\">mcarrera@usal.es<\/a><\/span><\/td>\n<\/tr>\n<tr style=\"height: 26px\">\n<td style=\"width: 95.3101%;height: 26px\" width=\"36%\">Dr. D. Pablo Guti\u00e9rrez Junquera<\/td>\n<td style=\"text-align: center;width: 1.72414%;height: 26px\" width=\"15%\">TU<\/td>\n<td style=\"text-align: center;width: 16.0648%;height: 26px\" width=\"15%\">127<\/td>\n<td style=\"text-align: center;width: 10.835%;height: 26px\" width=\"13%\">1692<\/td>\n<td style=\"width: 138.719%;height: 26px\" width=\"19%\"><span style=\"text-decoration: underline\"><a href=\"mailto:pablogut@usal.es\">pablogut@usal.es<\/a><\/span><\/td>\n<\/tr>\n<tr style=\"height: 26px\">\n<td style=\"width: 95.3101%;height: 26px\" width=\"36%\"><a href=\"http:\/\/mhm.usal.es\/\">Dr. D. Miguel \u00c1ngel Hern\u00e1ndez Mart\u00edn<\/a><\/td>\n<td style=\"text-align: center;width: 1.72414%;height: 26px\" width=\"15%\">TU<\/td>\n<td style=\"text-align: center;width: 16.0648%;height: 26px\" width=\"15%\">129<\/td>\n<td style=\"text-align: center;width: 10.835%;height: 26px\" width=\"13%\">1628<\/td>\n<td style=\"width: 138.719%;height: 26px\" width=\"19%\"><span style=\"text-decoration: underline\"><a href=\"mailto:miguelhz@usal.es\">mahz@usal.es<\/a><\/span><\/td>\n<\/tr>\n<tr style=\"height: 26px\">\n<td style=\"width: 95.3101%;height: 26px\" width=\"36%\"><a href=\"http:\/\/diarium.usal.es\/mvmuriel\/\">Dra. D\u00aa. Mar\u00eda Victoria Muriel Patino<\/a><\/td>\n<td style=\"text-align: center;width: 1.72414%;height: 26px\" width=\"15%\">TU<\/td>\n<td style=\"text-align: center;width: 16.0648%;height: 26px\" width=\"15%\">130<\/td>\n<td style=\"text-align: center;width: 10.835%;height: 26px\" width=\"13%\">1666<\/td>\n<td style=\"width: 138.719%;height: 26px\" width=\"19%\"><span style=\"text-decoration: underline\"><a href=\"mailto:mvmuriel@usal.es\">mvmuriel@usal.es<\/a><\/span><\/td>\n<\/tr>\n<tr style=\"height: 26px\">\n<td style=\"width: 95.3101%;height: 26px\" width=\"36%\"><a href=\"http:\/\/diarium.usal.es\/frodriguez\/\">Dr. D. Fernando Rodr\u00edguez L\u00f3pez<\/a><\/td>\n<td style=\"text-align: center;width: 1.72414%;height: 26px\" width=\"15%\">TU<\/td>\n<td style=\"text-align: center;width: 16.0648%;height: 26px\" width=\"15%\">139<\/td>\n<td style=\"text-align: center;width: 10.835%;height: 26px\" width=\"13%\">1625<\/td>\n<td style=\"width: 138.719%;height: 26px\" width=\"19%\"><span style=\"text-decoration: underline\"><a href=\"mailto:frodri@usal.es\">frodri@usal.es<\/a><\/span><\/td>\n<\/tr>\n<tr style=\"height: 26px\">\n<td style=\"width: 95.3101%;height: 26px\" width=\"36%\">Dra. D\u00aa. M\u00aa Jos\u00e9 S\u00e1nchez Garc\u00eda<\/td>\n<td style=\"text-align: center;width: 1.72414%;height: 26px\" width=\"15%\">TU<\/td>\n<td style=\"text-align: center;width: 16.0648%;height: 26px\" width=\"15%\">167<\/td>\n<td style=\"text-align: center;width: 10.835%;height: 26px\" width=\"13%\">1607<\/td>\n<td style=\"width: 138.719%;height: 26px\" width=\"19%\"><a href=\"mailto:mariasan@usal.es\">mariasan@usal.es<\/a><\/td>\n<\/tr>\n<tr style=\"height: 26px\">\n<td style=\"width: 95.3101%;height: 26px\" width=\"36%\"><a href=\"http:\/\/web.usal.es\/smacias\">Dr. D. Jos\u00e9 Ignacio S\u00e1nchez Mac\u00edas<\/a><\/td>\n<td style=\"text-align: center;width: 1.72414%;height: 26px\" width=\"15%\">TU<\/td>\n<td style=\"text-align: center;width: 16.0648%;height: 26px\" width=\"15%\">131<\/td>\n<td style=\"text-align: center;width: 10.835%;height: 26px\" width=\"13%\">3029<\/td>\n<td style=\"width: 138.719%;height: 26px\" width=\"19%\"><a href=\"mailto:macias@usal.es\">macias@usal.es<\/a><\/td>\n<\/tr>\n<tr style=\"height: 26px\">\n<td style=\"width: 95.3101%;height: 26px\" width=\"36%\"><a href=\"http:\/\/web.usal.es\/pcalero\">D. Pedro Calero P\u00e9rez<\/a><\/td>\n<td style=\"text-align: center;width: 1.72414%;height: 26px\" width=\"15%\">TEU<\/td>\n<td style=\"text-align: center;width: 16.0648%;height: 26px\" width=\"15%\">132<\/td>\n<td style=\"text-align: center;width: 10.835%;height: 26px\" width=\"13%\">1613<\/td>\n<td style=\"width: 138.719%;height: 26px\" width=\"19%\"><a href=\"mailto:pcalero@usal.es\">pcalero@usal.es<\/a><\/td>\n<\/tr>\n<tr style=\"height: 26px\">\n<td style=\"width: 95.3101%;height: 26px\" width=\"36%\"><a href=\"http:\/\/web.usal.es\/jomarel\">D. Jos\u00e9 M\u00aa Elena Izquierdo<\/a><\/td>\n<td style=\"text-align: center;width: 1.72414%;height: 26px\" width=\"15%\">TEU<\/td>\n<td style=\"text-align: center;width: 16.0648%;height: 26px\" width=\"15%\">166<\/td>\n<td style=\"text-align: center;width: 10.835%;height: 26px\" width=\"13%\">1653<\/td>\n<td style=\"width: 138.719%;height: 26px\" width=\"19%\"><a href=\"mailto:jomarel@usal.es\">jomarel@usal.es<\/a><\/td>\n<\/tr>\n<tr style=\"height: 26px\">\n<td style=\"width: 95.3101%;height: 26px\" width=\"36%\">D. Agust\u00edn Garc\u00eda Laso<\/td>\n<td style=\"text-align: center;width: 1.72414%;height: 26px\" width=\"15%\">TEU<\/td>\n<td style=\"text-align: center;width: 16.0648%;height: 26px\" width=\"15%\">141<\/td>\n<td style=\"text-align: center;width: 10.835%;height: 26px\" width=\"13%\"><span style=\"line-height: 19px\">1693<\/span><\/td>\n<td style=\"width: 138.719%;height: 26px\" width=\"19%\"><a href=\"mailto:aglaso@usal.es\">aglaso@usal.es<\/a><\/td>\n<\/tr>\n<tr style=\"height: 78px\">\n<td style=\"width: 95.3101%;height: 78px\" width=\"36%\"><a href=\"http:\/\/web.usal.es\/~javjime\">D. Francisco Javier Jim\u00e9nez Moreno<\/a><\/td>\n<td style=\"text-align: center;width: 1.72414%;height: 78px\" width=\"15%\">TEU<\/td>\n<td style=\"text-align: center;width: 16.0648%;height: 78px\" width=\"15%\">\u00c1vila<\/td>\n<td style=\"text-align: center;width: 10.835%;height: 78px\" width=\"13%\">920 353 600 \u00a0 \u00a0Ext.: 3877<\/td>\n<td style=\"width: 138.719%;height: 78px\" width=\"19%\"><a href=\"mailto:javjime@usal.es\">javjime@usal.es<\/a><\/td>\n<\/tr>\n<tr style=\"height: 26px\">\n<td style=\"width: 95.3101%;height: 26px\" width=\"36%\">D\u00aa. M\u00aa Rosa P\u00e9rez Gonz\u00e1lez<\/td>\n<td style=\"text-align: center;width: 1.72414%;height: 26px\" width=\"15%\">TEU<\/td>\n<td style=\"text-align: center;width: 16.0648%;height: 26px\" width=\"15%\">132<\/td>\n<td style=\"text-align: center;width: 10.835%;height: 26px\" width=\"13%\">1683<\/td>\n<td style=\"width: 138.719%;height: 26px\" width=\"19%\"><a href=\"mailto:rosanapg@usal.es\">rosanapg@usal.es<\/a><\/td>\n<\/tr>\n<tr style=\"height: 65px\">\n<td style=\"width: 95.3101%;height: 65px\" width=\"36%\">\n<table border=\"0\" width=\"95%\" cellspacing=\"0\" cellpadding=\"0\">\n<tbody>\n<tr>\n<td width=\"36%\">D. Antonio Uranga Larra\u00f1aga<\/td>\n<\/tr>\n<\/tbody>\n<\/table>\n<\/td>\n<td style=\"text-align: center;width: 1.72414%;height: 65px\" width=\"15%\">TEU<\/td>\n<td style=\"text-align: center;width: 16.0648%;height: 65px\" width=\"15%\">140<\/td>\n<td style=\"text-align: center;width: 10.835%;height: 65px\" width=\"13%\">3117<\/td>\n<td style=\"width: 138.719%;height: 65px\" width=\"19%\"><a href=\"mailto:uranga@usal.es\">uranga@usal.es<\/a><\/td>\n<\/tr>\n<tr style=\"height: 26px\">\n<td style=\"width: 95.3101%;height: 26px\" width=\"36%\">D. Juan Ignacio Leo Castela<\/td>\n<td style=\"text-align: center;width: 1.72414%;height: 26px\" width=\"15%\">AD<\/td>\n<td style=\"text-align: center;width: 16.0648%;height: 26px\" width=\"15%\">113<\/td>\n<td style=\"text-align: center;width: 10.835%;height: 26px\" width=\"13%\">1689<\/td>\n<td style=\"width: 138.719%;height: 26px\" width=\"19%\"><a href=\"mailto:leocastela@usal.es\">leocastela@usal.es<\/a><\/td>\n<\/tr>\n<tr style=\"height: 65px\">\n<td style=\"width: 95.3101%;height: 65px\">D. Javier Sierra Pierna<\/td>\n<td style=\"text-align: center;width: 1.72414%;height: 65px\">AD<\/td>\n<td style=\"text-align: center;width: 16.0648%;height: 65px\">113<\/td>\n<td style=\"text-align: center;width: 10.835%;height: 65px\">1689<\/td>\n<td style=\"width: 138.719%;height: 65px\">\n<table border=\"0\" width=\"95%\" cellspacing=\"0\" cellpadding=\"0\">\n<tbody>\n<tr>\n<td><a href=\"mailto:jsierra@usal.es\">jsierra@usal.es<\/a><\/td>\n<\/tr>\n<\/tbody>\n<\/table>\n<\/td>\n<\/tr>\n<tr style=\"height: 65px\">\n<td style=\"width: 95.3101%;height: 65px\" width=\"36%\">\n<table border=\"0\" width=\"95%\" cellspacing=\"0\" cellpadding=\"0\">\n<tbody>\n<tr>\n<td width=\"36%\">D. Francisco Javier D\u00edaz Rinc\u00f3n<\/td>\n<\/tr>\n<\/tbody>\n<\/table>\n<\/td>\n<td style=\"text-align: center;width: 1.72414%;height: 65px\" width=\"15%\">A 3h<\/td>\n<td style=\"text-align: center;width: 16.0648%;height: 65px\" width=\"15%\">\n<table border=\"0\" width=\"95%\" cellspacing=\"0\" cellpadding=\"0\">\n<tbody>\n<tr>\n<td width=\"15%\">\u00a0\u00a0\u00a0\u00a0\u00a0\u00a0\u00a0\u00a0 Zamora<\/td>\n<\/tr>\n<\/tbody>\n<\/table>\n<\/td>\n<td style=\"text-align: center;width: 10.835%;height: 65px\" width=\"13%\"><\/td>\n<td style=\"width: 138.719%;height: 65px\" width=\"19%\"><a href=\"mailto:jdiaz@usal.es\">jdiaz@usal.es<\/a><\/td>\n<\/tr>\n<tr style=\"height: 31px\">\n<td style=\"width: 95.3101%;height: 31px\" height=\"32\">D. Antonio S\u00e1nchez L\u00f3pez<\/td>\n<td style=\"text-align: center;width: 1.72414%;height: 31px\">A 3h<\/td>\n<td style=\"text-align: center;width: 16.0648%;height: 31px\">Salamanca<\/td>\n<td style=\"text-align: center;width: 10.835%;height: 31px\">1653<\/td>\n<td style=\"width: 138.719%;height: 31px\">antoniosanchezlopez@usal.es<\/td>\n<\/tr>\n<tr style=\"height: 31px\">\n<td style=\"width: 95.3101%;height: 31px\" height=\"32\">D. Joaqu\u00edn P\u00e9rez Huete<\/td>\n<td style=\"text-align: center;width: 1.72414%;height: 31px\">A 3h<\/td>\n<td style=\"text-align: center;width: 16.0648%;height: 31px\">Salamanca<\/td>\n<td style=\"text-align: center;width: 10.835%;height: 31px\">3117<\/td>\n<td style=\"width: 138.719%;height: 31px\">joaquinperezh@usal.es<\/td>\n<\/tr>\n<\/tbody>\n<\/table>","protected":false},"excerpt":{"rendered":"<p>NOMBRE CAT. DESPACHO EXT. E-MAIL Dr. D. Rafael Mu\u00f1oz de Bustillo Llorente CU 137 3125 bustillo@usal.es Dr. D. Jos\u00e9 Ignacio Ant\u00f3n P\u00e9rez TU 128 1626 janton@usal.es Dr. D. Rafael Bonete Perales TU 136 3123 rbonete@usal.es Dr. D. Miguel Carrera Troyano &hellip; <a href=\"https:\/\/economiaaplicada.usal.es\/en\/profesorado\/\">Continued<\/a><\/p>\n","protected":false},"author":56,"featured_media":0,"parent":0,"menu_order":0,"comment_status":"closed","ping_status":"closed","template":"","meta":{"footnotes":""},"class_list":["post-141","page","type-page","status-publish","hentry"],"aioseo_notices":[],"_links":{"self":[{"href":"https:\/\/economiaaplicada.usal.es\/en\/wp-json\/wp\/v2\/pages\/141","targetHints":{"allow":["GET"]}}],"collection":[{"href":"https:\/\/economiaaplicada.usal.es\/en\/wp-json\/wp\/v2\/pages"}],"about":[{"href":"https:\/\/economiaaplicada.usal.es\/en\/wp-json\/wp\/v2\/types\/page"}],"author":[{"embeddable":true,"href":"https:\/\/economiaaplicada.usal.es\/en\/wp-json\/wp\/v2\/users\/56"}],"replies":[{"embeddable":true,"href":"https:\/\/economiaaplicada.usal.es\/en\/wp-json\/wp\/v2\/comments?post=141"}],"version-history":[{"count":37,"href":"https:\/\/economiaaplicada.usal.es\/en\/wp-json\/wp\/v2\/pages\/141\/revisions"}],"predecessor-version":[{"id":314,"href":"https:\/\/economiaaplicada.usal.es\/en\/wp-json\/wp\/v2\/pages\/141\/revisions\/314"}],"wp:attachment":[{"href":"https:\/\/economiaaplicada.usal.es\/en\/wp-json\/wp\/v2\/media?parent=141"}],"curies":[{"name":"wp","href":"https:\/\/api.w.org\/{rel}","templated":true}]}}