{"id":105,"date":"2021-10-04T12:46:13","date_gmt":"2021-10-04T11:46:13","guid":{"rendered":"https:\/\/economiaaplicada.usal.es\/?page_id=105"},"modified":"2022-06-22T10:50:41","modified_gmt":"2022-06-22T09:50:41","slug":"wp","status":"publish","type":"page","link":"https:\/\/economiaaplicada.usal.es\/en\/wp\/","title":{"rendered":"Working papers"},"content":{"rendered":"In the following links you can access some of the working papers by members of the Applied Economics Department<\/p>\n<h2><strong>YEAR 2021<\/strong><\/h2>\n<h3><a href=\"https:\/\/economiaaplicada.usal.es\/wp-content\/uploads\/sites\/54\/2021\/10\/DTEA0121.pdf\"><span style=\"color: #0000ff\">DTEA0121 (SEPTIEMBRE 2021)<\/span><\/a><\/h3>\n<p><i>The impact of climate change mitigation policies on European labour markets<\/i><br \/>\nJose Ignacio Ant\u00f3n.<\/p>\n<h3><a href=\"https:\/\/economiaaplicada.usal.es\/wp-content\/uploads\/sites\/54\/2021\/10\/DTEA0221.pdf\"><span style=\"color: #0000ff\">DTEA0221 (SEPTIEMBRE 2021)<\/span><\/a><\/h3>\n<p><i>Convergence in working conditions<\/i><br \/>\nJose Ignacio Ant\u00f3n, Rafael Grande y Rafael Mu\u00f1oz de Bustillo.<\/p>\n<h2><strong>YEAR 2020<\/strong><\/h2>\n<h3><a href=\"https:\/\/economiaaplicada.usal.es\/wp-content\/uploads\/sites\/54\/2021\/10\/DTEA0120.pdf\"><span style=\"color: #0000ff\">DTEA0120 (JULIO 2020)<\/span><\/a><\/h3>\n<p><i>Gender gaps in working conditions<\/i><br \/>\nJose Ignacio Ant\u00f3n, Rafael Mu\u00f1oz de Bustillo, Rafael Grande y Fernando Pinto.<\/p>\n<h3><a href=\"https:\/\/economiaaplicada.usal.es\/wp-content\/uploads\/sites\/54\/2021\/10\/DTEA0220.pdf\"><span style=\"color: #0000ff\">DTA0220 (NOVIEMBRE 2020)<\/span><\/a><\/h3>\n<p><i>Econom\u00eda Pol\u00edtica y Actividad Financiera P\u00fablica<\/i><br \/>\nFrancisco Javier Bra\u00f1a Pino.<\/p>\n<p>&nbsp;","protected":false},"excerpt":{"rendered":"<p>In the following links you can access some of the working papers by members of the Applied Economics Department YEAR 2021 DTEA0121 (SEPTIEMBRE 2021) The impact of climate change mitigation policies on European labour markets Jose Ignacio Ant\u00f3n. DTEA0221 (SEPTIEMBRE &hellip; <a href=\"https:\/\/economiaaplicada.usal.es\/en\/wp\/\">Continued<\/a><\/p>\n","protected":false},"author":56,"featured_media":91,"parent":0,"menu_order":0,"comment_status":"closed","ping_status":"closed","template":"","meta":{"footnotes":""},"class_list":["post-105","page","type-page","status-publish","has-post-thumbnail","hentry"],"aioseo_notices":[],"_links":{"self":[{"href":"https:\/\/economiaaplicada.usal.es\/en\/wp-json\/wp\/v2\/pages\/105","targetHints":{"allow":["GET"]}}],"collection":[{"href":"https:\/\/economiaaplicada.usal.es\/en\/wp-json\/wp\/v2\/pages"}],"about":[{"href":"https:\/\/economiaaplicada.usal.es\/en\/wp-json\/wp\/v2\/types\/page"}],"author":[{"embeddable":true,"href":"https:\/\/economiaaplicada.usal.es\/en\/wp-json\/wp\/v2\/users\/56"}],"replies":[{"embeddable":true,"href":"https:\/\/economiaaplicada.usal.es\/en\/wp-json\/wp\/v2\/comments?post=105"}],"version-history":[{"count":16,"href":"https:\/\/economiaaplicada.usal.es\/en\/wp-json\/wp\/v2\/pages\/105\/revisions"}],"predecessor-version":[{"id":180,"href":"https:\/\/economiaaplicada.usal.es\/en\/wp-json\/wp\/v2\/pages\/105\/revisions\/180"}],"wp:featuredmedia":[{"embeddable":true,"href":"https:\/\/economiaaplicada.usal.es\/en\/wp-json\/wp\/v2\/media\/91"}],"wp:attachment":[{"href":"https:\/\/economiaaplicada.usal.es\/en\/wp-json\/wp\/v2\/media?parent=105"}],"curies":[{"name":"wp","href":"https:\/\/api.w.org\/{rel}","templated":true}]}}